{"id":12,"date":"2024-02-02T15:54:51","date_gmt":"2024-02-02T15:54:51","guid":{"rendered":"https:\/\/demosites.royal-elementor-addons.com\/aimatrix-v1\/?page_id=12"},"modified":"2025-09-09T11:28:18","modified_gmt":"2025-09-09T11:28:18","slug":"kontakty","status":"publish","type":"page","link":"https:\/\/utradenetwork.com\/?page_id=12","title":{"rendered":"Kontakty"},"content":{"rendered":"\t\t<div data-elementor-type=\"wp-page\" data-elementor-id=\"12\" class=\"elementor elementor-12\">\n\t\t\t\t\t\t<section class=\"elementor-section elementor-top-section elementor-element elementor-element-77bcc280 elementor-section-boxed elementor-section-height-default elementor-section-height-default wpr-particle-no wpr-jarallax-no wpr-parallax-no wpr-sticky-section-no\" data-id=\"77bcc280\" data-element_type=\"section\" data-e-type=\"section\" data-settings=\"{&quot;background_background&quot;:&quot;classic&quot;}\">\n\t\t\t\t\t\t\t<div class=\"elementor-background-overlay\"><\/div>\n\t\t\t\t\t\t\t<div class=\"elementor-container elementor-column-gap-default\">\n\t\t\t\t\t<div class=\"elementor-column elementor-col-100 elementor-top-column elementor-element elementor-element-782136b6\" data-id=\"782136b6\" data-element_type=\"column\" data-e-type=\"column\">\n\t\t\t<div class=\"elementor-widget-wrap elementor-element-populated\">\n\t\t\t\t<div class=\"elementor-element elementor-element-5870c296 e-flex e-con-boxed wpr-particle-no wpr-jarallax-no wpr-parallax-no wpr-sticky-section-no e-con e-child\" data-id=\"5870c296\" data-element_type=\"container\" data-e-type=\"container\">\n\t\t\t\t\t<div class=\"e-con-inner\">\n\t\t\t\t<div class=\"elementor-element elementor-element-515f1588 elementor-widget elementor-widget-text-editor\" data-id=\"515f1588\" data-element_type=\"widget\" data-e-type=\"widget\" data-widget_type=\"text-editor.default\">\n\t\t\t\t\t\t\t\t\t<p>Unity Trade Network s.r.o.<\/p>\t\t\t\t\t\t\t\t<\/div>\n\t\t\t\t<div class=\"elementor-element elementor-element-6543141c wpr-advanced-text-style-animated wpr-fancy-text-typing wpr-animated-text-infinite-yes elementor-widget elementor-widget-wpr-advanced-text\" data-id=\"6543141c\" data-element_type=\"widget\" data-e-type=\"widget\" data-settings=\"{&quot;anim_loop&quot;:&quot;yes&quot;}\" data-widget_type=\"wpr-advanced-text.default\">\n\t\t\t\t\t\n\t\t<h3 class=\"wpr-advanced-text\">\n\n\t\t\t\t\t\n\t\t\t\t\t\t\t<span class=\"wpr-advanced-text-preffix\">Na\u0161e kontakty<\/span>\n\t\t\t\n\t\t<span class=\"wpr-anim-text wpr-anim-text-type-typing wpr-anim-text-letters\" data-anim-duration=\"200,2000\" data-anim-loop=\"yes\">\n\t\t\t<span class=\"wpr-anim-text-inner\">\n\t\t\t\t\t\t\t<\/span>\n\t\t\t\t\t<\/span>\n\n\t\t\t\t\n\t\t<\/h3>\n\t\t\n\t\t\t\t\t\t<\/div>\n\t\t\t\t<div class=\"elementor-element elementor-element-ef68248 elementor-widget elementor-widget-text-editor\" data-id=\"ef68248\" data-element_type=\"widget\" data-e-type=\"widget\" data-widget_type=\"text-editor.default\">\n\t\t\t\t\t\t\t\t\t<p>Your reliable partner in the world of international trade. We specialize in wholesale deliveries of goods from China to the countries of the European Union and beyond.<\/p>\t\t\t\t\t\t\t\t<\/div>\n\t\t\t\t\t<\/div>\n\t\t\t\t<\/div>\n\t\t\t\t\t<\/div>\n\t\t<\/div>\n\t\t\t\t\t<\/div>\n\t\t<\/section>\n\t\t<div class=\"elementor-element elementor-element-6e9835e e-flex e-con-boxed wpr-particle-no wpr-jarallax-no wpr-parallax-no wpr-sticky-section-no e-con e-parent\" data-id=\"6e9835e\" data-element_type=\"container\" data-e-type=\"container\">\n\t\t\t\t\t<div class=\"e-con-inner\">\n\t\t\t\t<div class=\"elementor-element elementor-element-e165ae1 elementor-widget elementor-widget-heading\" data-id=\"e165ae1\" data-element_type=\"widget\" data-e-type=\"widget\" data-widget_type=\"heading.default\">\n\t\t\t\t\t<h2 class=\"elementor-heading-title elementor-size-default\">Na\u0161e kontakty<\/h2>\t\t\t\t<\/div>\n\t\t\t\t<div class=\"elementor-element elementor-element-5eb6a4c elementor-widget elementor-widget-heading\" data-id=\"5eb6a4c\" data-element_type=\"widget\" data-e-type=\"widget\" data-widget_type=\"heading.default\">\n\t\t\t\t\t<h2 class=\"elementor-heading-title elementor-size-default\">Formul\u00e1\u0159 \u017e\u00e1dosti o konzultaci<\/h2>\t\t\t\t<\/div>\n\t\t\t\t<div class=\"elementor-element elementor-element-41ac1dc elementor-widget elementor-widget-cool-form\" data-id=\"41ac1dc\" data-element_type=\"widget\" data-e-type=\"widget\" data-settings=\"{&quot;button_width&quot;:&quot;100&quot;}\" data-widget_type=\"cool-form.default\">\n\t\t\t\t<div class=\"elementor-widget-container\">\n\t\t\t\t\t\t\t<form class=\"cool-form\" method=\"post\" name=\"New Form\">\n\t\t\t\n\t\t\t<input type=\"hidden\" name=\"post_id\" value=\"12\"\/>\n\t\t\t<input type=\"hidden\" name=\"form_id\" value=\"41ac1dc\"\/>\n\t\t\t<input type=\"hidden\" name=\"referer_title\" value=\"Kontakty | Unity Trade Network s.r.o.\"\/>\n\n\t\t\t\t\t\t\t<input type=\"hidden\" name=\"queried_id\" value=\"12\"\/>\n\t\t\t\n\t\t\t<div class=\"cool-form__wrapper\">\n\t\t\t\t\t\t\t\t\t<div class=\"cool-form__field-group is-field-type-text is-field-group-name has-width-100 has-border has-shape-default\">\n\t\t\t\t\t\t\t\t<label class=\"cool-form-text mdc-text-field mdc-text-field--outlined  cool-field-size-sm\">\n\t\t\t<span class=\"mdc-notched-outline\">\n\t\t\t\t<span class=\"mdc-notched-outline__leading\"><\/span>\n\t\t\t\t<span class=\"mdc-notched-outline__notch\">\n\t\t\t\t\t\t\t\t\t\t\t<span class=\"mdc-floating-label\" id=\"text-label-0\">\n\t\t\t\t\t\t\tVa\u0161e jm\u00e9no\t\t\t\t\t\t<\/span>\n\t\t\t\t\t\t\t\t\t<\/span>\n\t\t\t\t<span class=\"mdc-notched-outline__trailing\"><\/span>\n\t\t\t<\/span>\n\n\t\t\t<input \n\t\t\t\ttype=\"text\"\n\t\t\t\tid=\"form-field-name\"\n\t\t\t\tname=\"form_fields[name]\"\n\t\t\t\tclass=\"mdc-text-field__input cool-form__field cool-field-size-sm\"\n\t\t\t\t\t\t\t\t\tplaceholder=\"Va\u0161e jm\u00e9no\"\n\t\t\t\t\t\t\t\t\t\t\t\t\n\t\t\t\t\t\t\t>\n\n\t\t\t<i aria-hidden=\"true\" class=\"material-icons mdc-text-field__icon mdc-text-field__icon--trailing cool-text-error-icon\" style=\"display:none\">error<\/i>\n\t\t<\/label>\n\n\t\t<div class=\"mdc-text-field-helper-line\">\n\t\t\t<div class=\"mdc-text-field-helper-text\" id=\"cool-text-error\" aria-hidden=\"true\"><\/div>\n\t\t<\/div>\n\t\t\t\t\t\t\t<\/div>\n\t\t\t\t\t\t\t\t\t<div class=\"cool-form__field-group is-field-type-email is-field-group-email has-width-100 is-field-required is-mark-required has-border has-shape-default\">\n\t\t\t\t\t\t\t\t<label class=\"cool-form-text mdc-text-field mdc-text-field--outlined  cool-field-size-sm\">\n\t\t\t<span class=\"mdc-notched-outline\">\n\t\t\t\t<span class=\"mdc-notched-outline__leading\"><\/span>\n\t\t\t\t<span class=\"mdc-notched-outline__notch\">\n\t\t\t\t\t\t\t\t\t\t\t<span class=\"mdc-floating-label\" id=\"text-label-1\">\n\t\t\t\t\t\t\tEmail\t\t\t\t\t\t<\/span>\n\t\t\t\t\t\t\t\t\t<\/span>\n\t\t\t\t<span class=\"mdc-notched-outline__trailing\"><\/span>\n\t\t\t<\/span>\n\n\t\t\t<input \n\t\t\t\ttype=\"email\"\n\t\t\t\tid=\"form-field-email\"\n\t\t\t\tname=\"form_fields[email]\"\n\t\t\t\tclass=\"mdc-text-field__input cool-form__field cool-field-size-sm\"\n\t\t\t\t\t\t\t\t\tplaceholder=\"Email\"\n\t\t\t\t\t\t\t\t\t\t\t\t\t\t\t\t\trequired\n\t\t\t\t\n\t\t\t\t\t\t\t>\n\n\t\t\t<i aria-hidden=\"true\" class=\"material-icons mdc-text-field__icon mdc-text-field__icon--trailing cool-email-error-icon\" style=\"display:none\">error<\/i>\n\t\t<\/label>\n\n\t\t<div class=\"mdc-text-field-helper-line\">\n\t\t\t<div class=\"mdc-text-field-helper-text\" id=\"cool-email-error\" aria-hidden=\"true\"><\/div>\n\t\t<\/div>\n\t\t\t\t\t\t\t<\/div>\n\t\t\t\t\t\t\t\t\t<div class=\"cool-form__field-group is-field-type-textarea is-field-group-message has-width-100 has-border has-shape-default\">\n\t\t\t\t\t\t\t\t<label class=\"cool-form-text mdc-text-field mdc-text-field--outlined mdc-text-field--textarea \">\n\t\t\t<span class=\"mdc-notched-outline\">\n\t\t\t\t<span class=\"mdc-notched-outline__leading\"><\/span>\n\t\t\t\t<span class=\"mdc-notched-outline__notch\">\n\t\t\t\t\t\t\t\t\t\t\t<span class=\"mdc-floating-label\" id=\"textarea-label-2\">\n\t\t\t\t\t\t\tZpr\u00e1va\/dotaz\t\t\t\t\t\t<\/span>\n\t\t\t\t\t\t\t\t\t<\/span>\n\t\t\t\t<span class=\"mdc-notched-outline__trailing\"><\/span>\n\t\t\t<\/span>\n\t\t\t<span class=\"mdc-text-field__resizer\">\n\t\t\t\t<textarea\n\t\t\t\t\tclass=\"mdc-text-field__input cool-form__field\"\n\t\t\t\t\tid=\"form-field-message\"\n\t\t\t\t\tname=\"form_fields[message]\"\n\t\t\t\t\trows=\"4\"\n\t\t\t\t\tplaceholder=\"Zpr\u00e1va\/dotaz\"\t\t\t\t\t\t\t\t\t><\/textarea>\n\t\t\t<\/span>\n\t\t<\/label>\n\t\t<div class=\"mdc-text-field-helper-line\">\n  \t\t\t<div class=\"mdc-text-field-helper-text\" id=\"cool-textarea-error\" aria-hidden=\"true\"><\/div>\n\t\t<\/div>\n\t\t\t\t\t\t\t<\/div>\n\t\t\t\t\t\t\t\t\t<div class=\"cool-form__field-group is-field-type-checkbox is-field-group-field_f9c8d71 has-width-100 has-border has-shape-default\">\n\t\t\t\t\t\t\t\t\t\t\t\t\t\t<label for=\"form-field-field_f9c8d71\" class=\"cool-form__field-label\">\n\t\t\t\t\t\t\t\t\tDohoda GDPR *\t\t\t\t\t\t\t\t<\/label>\n\t\t\t\t\t\t\t\t\t<div class=\"mdc-form-field  inline-items\">\n\t\t\t\t\t\t\t\t<span class=\"field-sub-options\">\n\t\t\t\t\t\t<div class=\"mdc-checkbox\">\n\t\t\t\t\t\t\t<input\n\t\t\t\t\t\t\t\tclass=\"mdc-checkbox__native-control\"\n\t\t\t\t\t\t\t\ttype=\"checkbox\"\n\t\t\t\t\t\t\t\tid=\"form-field-field_f9c8d71-0\"\n\t\t\t\t\t\t\t\tname=\"form_fields[field_f9c8d71]\"\n\t\t\t\t\t\t\t\tvalue=\"Souhlas\u00edte s na\u0161\u00edm Z\u00e1sady ochrany osobn\u00edch \u00fadaj\u016f jak m\u016f\u017eeme pou\u017e\u00edt \u00fadaje, kter\u00e9 jste n\u00e1m zaslali?\"\n\t\t\t\t\t\t\t\t\t\t\t\t\t\t\t\t\t\t\t\t\t\t\t>\n\t\t\t\t\t\t\t\t\t\t\t\t\t\t\t<div class=\"mdc-checkbox__background\">\n\t\t\t\t\t\t\t\t\t<svg class=\"mdc-checkbox__checkmark\" viewBox=\"0 0 24 24\">\n\t\t\t\t\t\t\t\t\t\t<path class=\"mdc-checkbox__checkmark-path\" fill=\"none\" d=\"M1.73,12.91 8.1,19.28 22.79,4.59\"\/>\n\t\t\t\t\t\t\t\t\t<\/svg>\n\t\t\t\t\t\t\t\t\t<div class=\"mdc-checkbox__mixedmark\"><\/div>\n\t\t\t\t\t\t\t\t<\/div>\n\t\t\t\t\t\t\t\t\t\t\t\t\t<\/div>\n\t\t\t\t\t\t<label for=\"form-field-field_f9c8d71-0\">Souhlas\u00edte s na\u0161\u00edm Z\u00e1sady ochrany osobn\u00edch \u00fadaj\u016f jak m\u016f\u017eeme pou\u017e\u00edt \u00fadaje, kter\u00e9 jste n\u00e1m zaslali?<\/label>\n\t\t\t\t\t<\/span>\n\t\t\t\t\t\t\t<\/div>\n\t\t\t\t\t\t\t<\/div>\n\t\t\t\t\t\t\t\t\t\t<div class=\"cool-form__submit-group has-width-100\">\n\t\t\t<button class=\"cool-form__button cool-form-submit-button has-shape-default is-type-button\" type=\"submit\">\n\t\t\t\t\t\t\t\t\t<span class=\"cool-form-button-icon\">\n\t\t\t\t\t\t\t\t\t\t<\/span>\n\t\t\t\t\n\t\t\t\t\t\t\t\t\t<span class=\"cool-form__button-text\">Odeslat<\/span>\n\t\t\t\t\t\t\t<\/button>\n\t\t<\/div>\n\t\t\t\t\t<\/div>\n\t\t<\/form>\n\t\t\t\t\t\t<\/div>\n\t\t\t\t<\/div>\n\t\t\t\t\t<\/div>\n\t\t\t\t<\/div>\n\t\t<div class=\"elementor-element elementor-element-40e4f93 e-con-full e-flex wpr-particle-no wpr-jarallax-no wpr-parallax-no wpr-sticky-section-no e-con e-parent\" data-id=\"40e4f93\" data-element_type=\"container\" data-e-type=\"container\">\n\t\t<div class=\"elementor-element elementor-element-e2b55d9 e-flex e-con-boxed wpr-particle-no wpr-jarallax-no wpr-parallax-no wpr-sticky-section-no e-con e-child\" data-id=\"e2b55d9\" data-element_type=\"container\" data-e-type=\"container\" data-settings=\"{&quot;background_background&quot;:&quot;classic&quot;}\">\n\t\t\t\t\t<div class=\"e-con-inner\">\n\t\t<div class=\"elementor-element elementor-element-c470a0c e-flex e-con-boxed wpr-particle-no wpr-jarallax-no wpr-parallax-no wpr-sticky-section-no e-con e-child\" data-id=\"c470a0c\" data-element_type=\"container\" data-e-type=\"container\">\n\t\t\t\t\t<div class=\"e-con-inner\">\n\t\t\t\t<div class=\"elementor-element elementor-element-b54a432 elementor-widget elementor-widget-heading\" data-id=\"b54a432\" data-element_type=\"widget\" data-e-type=\"widget\" data-widget_type=\"heading.default\">\n\t\t\t\t\t<h2 class=\"elementor-heading-title elementor-size-default\">Unity Trade Network s.r.o.<\/h2>\t\t\t\t<\/div>\n\t\t\t\t<div class=\"elementor-element elementor-element-ae48fdb elementor-widget elementor-widget-heading\" data-id=\"ae48fdb\" data-element_type=\"widget\" data-e-type=\"widget\" data-widget_type=\"heading.default\">\n\t\t\t\t\t<h2 class=\"elementor-heading-title elementor-size-default\">Velkoobchodn\u00ed dod\u00e1vky<br>zbo\u017e\u00ed z \u010c\u00edny do EU<br><\/h2>\t\t\t\t<\/div>\n\t\t\t\t<div class=\"elementor-element elementor-element-de27ab8 wpr-button-icon-style-inline wpr-button-icon-position-right elementor-widget elementor-widget-wpr-button\" data-id=\"de27ab8\" data-element_type=\"widget\" data-e-type=\"widget\" data-widget_type=\"wpr-button.default\">\n\t\t\t\t\t\t\n\t\t\t\n\t\t\n\t\t<div class=\"wpr-button-wrap elementor-clearfix\">\n\t\t<a class=\"wpr-button wpr-button-effect wpr-button-none\" data-text=\"\" href=\"https:\/\/utradenetwork.com\/?page_id=679\">\n\t\t\t\n\t\t\t<span class=\"wpr-button-content\">\n\t\t\t\t\t\t\t\t\t<span class=\"wpr-button-text\">Na\u0161e slu\u017eby<\/span>\n\t\t\t\t\t\t\t\t\n\t\t\t\t\t\t\t<\/span>\n\t\t<\/a>\n\n\t\t\t\t<\/div>\n\t\n\t\n\t\t\t\t\t<\/div>\n\t\t\t\t\t<\/div>\n\t\t\t\t<\/div>\n\t\t\t\t\t<\/div>\n\t\t\t\t<\/div>\n\t\t\t\t<\/div>\n\t\t<div class=\"elementor-element elementor-element-3e16af33 e-con-full e-flex wpr-particle-no wpr-jarallax-no wpr-parallax-no wpr-sticky-section-no e-con e-parent\" data-id=\"3e16af33\" data-element_type=\"container\" data-e-type=\"container\">\n\t\t<div class=\"elementor-element elementor-element-5c9e758 e-con-full e-flex wpr-particle-no wpr-jarallax-no wpr-parallax-no wpr-sticky-section-no e-con e-child\" data-id=\"5c9e758\" data-element_type=\"container\" data-e-type=\"container\" data-settings=\"{&quot;background_background&quot;:&quot;classic&quot;}\">\n\t\t<div class=\"elementor-element elementor-element-225c6f2c e-flex e-con-boxed wpr-particle-no wpr-jarallax-no wpr-parallax-no wpr-sticky-section-no e-con e-child\" data-id=\"225c6f2c\" data-element_type=\"container\" data-e-type=\"container\">\n\t\t\t\t\t<div class=\"e-con-inner\">\n\t\t<div class=\"elementor-element elementor-element-268a7880 e-con-full e-flex wpr-particle-no wpr-jarallax-no wpr-parallax-no wpr-sticky-section-no e-con e-child\" data-id=\"268a7880\" data-element_type=\"container\" data-e-type=\"container\">\n\t\t\t\t<div class=\"elementor-element elementor-element-428f8934 wpr-logo-position-center elementor-widget elementor-widget-wpr-logo\" data-id=\"428f8934\" data-element_type=\"widget\" data-e-type=\"widget\" data-widget_type=\"wpr-logo.default\">\n\t\t\t\t\t\t\t\t\n\t\t\t<div class=\"wpr-logo elementor-clearfix\">\n\n\t\t\t\t\t\t\t\t<picture class=\"wpr-logo-image\">\n\t\t\t\t\t\n\t\t\t\t\t\t\t\t\t\t<source srcset=\"https:\/\/utradenetwork.com\/wp-content\/uploads\/2025\/09\/utn8.png 1x, https:\/\/utradenetwork.com\/wp-content\/uploads\/2025\/09\/utn8.png 2x\">\t\n\t\t\t\t\t\t\t\t\t\t\n\t\t\t\t\t<img decoding=\"async\" src=\"https:\/\/utradenetwork.com\/wp-content\/uploads\/2025\/09\/utn8.png\" alt=\"\">\n\n\t\t\t\t\t\t\t\t\t\t\t<a class=\"wpr-logo-url\" rel=\"home\" aria-label=\"\" href=\"https:\/\/utradenetwork.com\/\"><\/a>\n\t\t\t\t\t\t\t\t\t<\/picture>\n\t\t\t\t\n\t\t\t\t\n\t\t\t\t\t\t\t\t\t<a class=\"wpr-logo-url\" rel=\"home\" aria-label=\"\" href=\"https:\/\/utradenetwork.com\/\"><\/a>\n\t\t\t\t\n\t\t\t<\/div>\n\t\t\t\t\n\t\t\t\t\t\t<\/div>\n\t\t\t\t<div class=\"elementor-element elementor-element-390beb23 elementor-widget elementor-widget-text-editor\" data-id=\"390beb23\" data-element_type=\"widget\" data-e-type=\"widget\" data-widget_type=\"text-editor.default\">\n\t\t\t\t\t\t\t\t\t<p>Velkoobchodn\u00ed dod\u00e1vky zbo\u017e\u00ed z \u010c\u00edny do EU<\/p>\t\t\t\t\t\t\t\t<\/div>\n\t\t\t\t<div class=\"elementor-element elementor-element-40b5b4d8 elementor-widget elementor-widget-text-editor\" data-id=\"40b5b4d8\" data-element_type=\"widget\" data-e-type=\"widget\" data-widget_type=\"text-editor.default\">\n\t\t\t\t\t\t\t\t\t<p>V\u00e1\u0161 spolehliv\u00fd partner ve sv\u011bt\u011b mezin\u00e1rodn\u00edho obchodu. Specializujeme se na velkoobchodn\u00ed dod\u00e1vky zbo\u017e\u00ed z \u010c\u00edny do zem\u00ed Evropsk\u00e9 unie i mimo ni.<\/p>\t\t\t\t\t\t\t\t<\/div>\n\t\t\t\t<\/div>\n\t\t<div class=\"elementor-element elementor-element-4f64f452 e-con-full e-flex wpr-particle-no wpr-jarallax-no wpr-parallax-no wpr-sticky-section-no e-con e-child\" data-id=\"4f64f452\" data-element_type=\"container\" data-e-type=\"container\">\n\t\t\t\t<div class=\"elementor-element elementor-element-6eb3324c elementor-widget elementor-widget-heading\" data-id=\"6eb3324c\" data-element_type=\"widget\" data-e-type=\"widget\" data-widget_type=\"heading.default\">\n\t\t\t\t\t<h2 class=\"elementor-heading-title elementor-size-default\">Spole\u010dnost<\/h2>\t\t\t\t<\/div>\n\t\t\t\t<div class=\"elementor-element elementor-element-6f80a94a elementor-widget elementor-widget-heading\" data-id=\"6f80a94a\" data-element_type=\"widget\" data-e-type=\"widget\" data-widget_type=\"heading.default\">\n\t\t\t\t\t<h2 class=\"elementor-heading-title elementor-size-default\"><a href=\"https:\/\/utradenetwork.com\/\">Domov<\/a><\/h2>\t\t\t\t<\/div>\n\t\t\t\t<div class=\"elementor-element elementor-element-6211b067 elementor-widget elementor-widget-heading\" data-id=\"6211b067\" data-element_type=\"widget\" data-e-type=\"widget\" data-widget_type=\"heading.default\">\n\t\t\t\t\t<h2 class=\"elementor-heading-title elementor-size-default\"><a href=\"https:\/\/utradenetwork.com\/?page_id=679\">O n\u00e1s\n<\/a><\/h2>\t\t\t\t<\/div>\n\t\t\t\t<div class=\"elementor-element elementor-element-7b1cea0d elementor-widget elementor-widget-heading\" data-id=\"7b1cea0d\" data-element_type=\"widget\" data-e-type=\"widget\" data-widget_type=\"heading.default\">\n\t\t\t\t\t<h2 class=\"elementor-heading-title elementor-size-default\"><a href=\"https:\/\/utradenetwork.com\/?page_id=443\">Slu\u017eby\n<\/a><\/h2>\t\t\t\t<\/div>\n\t\t\t\t<div class=\"elementor-element elementor-element-65a99b58 elementor-widget elementor-widget-heading\" data-id=\"65a99b58\" data-element_type=\"widget\" data-e-type=\"widget\" data-widget_type=\"heading.default\">\n\t\t\t\t\t<h2 class=\"elementor-heading-title elementor-size-default\"><a href=\"https:\/\/utradenetwork.com\/?page_id=12\">Kontakty<\/a><\/h2>\t\t\t\t<\/div>\n\t\t\t\t<div class=\"elementor-element elementor-element-7f405c42 elementor-widget elementor-widget-heading\" data-id=\"7f405c42\" data-element_type=\"widget\" data-e-type=\"widget\" data-widget_type=\"heading.default\">\n\t\t\t\t\t<h2 class=\"elementor-heading-title elementor-size-default\"><a href=\"https:\/\/utradenetwork.com\/?page_id=3\">Z\u00e1sady ochrany osobn\u00edch \u00fadaj\u016f<\/a><\/h2>\t\t\t\t<\/div>\n\t\t\t\t<\/div>\n\t\t\t\t\t<\/div>\n\t\t\t\t<\/div>\n\t\t<div class=\"elementor-element elementor-element-4608d34f e-flex e-con-boxed wpr-particle-no wpr-jarallax-no wpr-parallax-no wpr-sticky-section-no e-con e-child\" data-id=\"4608d34f\" data-element_type=\"container\" data-e-type=\"container\">\n\t\t\t\t\t<div class=\"e-con-inner\">\n\t\t\t\t<div class=\"elementor-element elementor-element-4c22ad8e elementor-widget-divider--view-line elementor-widget elementor-widget-divider\" data-id=\"4c22ad8e\" data-element_type=\"widget\" data-e-type=\"widget\" data-widget_type=\"divider.default\">\n\t\t\t\t\t\t\t<div class=\"elementor-divider\">\n\t\t\t<span class=\"elementor-divider-separator\">\n\t\t\t\t\t\t<\/span>\n\t\t<\/div>\n\t\t\t\t\t\t<\/div>\n\t\t\t\t\t<\/div>\n\t\t\t\t<\/div>\n\t\t<div class=\"elementor-element elementor-element-60f49643 e-flex e-con-boxed wpr-particle-no wpr-jarallax-no wpr-parallax-no wpr-sticky-section-no e-con e-child\" data-id=\"60f49643\" data-element_type=\"container\" data-e-type=\"container\">\n\t\t\t\t\t<div class=\"e-con-inner\">\n\t\t<div class=\"elementor-element elementor-element-73fb5cbd e-flex e-con-boxed wpr-particle-no wpr-jarallax-no wpr-parallax-no wpr-sticky-section-no e-con e-child\" data-id=\"73fb5cbd\" data-element_type=\"container\" data-e-type=\"container\">\n\t\t\t\t\t<div class=\"e-con-inner\">\n\t\t\t\t<div class=\"elementor-element elementor-element-1b34cd14 elementor-widget elementor-widget-text-editor\" data-id=\"1b34cd14\" data-element_type=\"widget\" data-e-type=\"widget\" data-widget_type=\"text-editor.default\">\n\t\t\t\t\t\t\t\t\t<p>Kombinujeme evropsk\u00e9 standardy kvality s asijsk\u00fdmi v\u00fdrobn\u00edmi z\u00e1vody, co\u017e zaji\u0161\u0165uje nep\u0159etr\u017eit\u00e9 dod\u00e1vky a konkurenceschopn\u00e9 ceny.<\/p>\t\t\t\t\t\t\t\t<\/div>\n\t\t\t\t\t<\/div>\n\t\t\t\t<\/div>\n\t\t<div class=\"elementor-element elementor-element-1f8f933a e-flex e-con-boxed wpr-particle-no wpr-jarallax-no wpr-parallax-no wpr-sticky-section-no e-con e-child\" data-id=\"1f8f933a\" data-element_type=\"container\" data-e-type=\"container\">\n\t\t\t\t\t<div class=\"e-con-inner\">\n\t\t\t\t<div class=\"elementor-element elementor-element-e5a2f3b elementor-widget elementor-widget-text-editor\" data-id=\"e5a2f3b\" data-element_type=\"widget\" data-e-type=\"widget\" data-widget_type=\"text-editor.default\">\n\t\t\t\t\t\t\t\t\t<p>\u00a9 2025 Unity Trade Network s.r.o.<\/p>\t\t\t\t\t\t\t\t<\/div>\n\t\t\t\t\t<\/div>\n\t\t\t\t<\/div>\n\t\t\t\t\t<\/div>\n\t\t\t\t<\/div>\n\t\t\t\t<\/div>\n\t\t\t\t<\/div>\n\t\t\t\t<\/div>\n\t\t","protected":false},"excerpt":{"rendered":"<p>Unity Trade Network s.r.o. Na\u0161e kontakty Your reliable partner in the world of international trade. We specialize in wholesale deliveries of goods from China to the countries of the European Union and beyond. Na\u0161e kontakty Formul\u00e1\u0159 \u017e\u00e1dosti o konzultaci Unity Trade Network s.r.o. Velkoobchodn\u00ed dod\u00e1vkyzbo\u017e\u00ed z \u010c\u00edny do EU Na\u0161e slu\u017eby Velkoobchodn\u00ed dod\u00e1vky zbo\u017e\u00ed z \u010c\u00edny do EU V\u00e1\u0161 spolehliv\u00fd partner ve sv\u011bt\u011b mezin\u00e1rodn\u00edho obchodu. Specializujeme se na velkoobchodn\u00ed dod\u00e1vky zbo\u017e\u00ed z \u010c\u00edny do zem\u00ed Evropsk\u00e9 unie i mimo ni. Spole\u010dnost Domov O n\u00e1s Slu\u017eby Kontakty Z\u00e1sady ochrany osobn\u00edch \u00fadaj\u016f Kombinujeme evropsk\u00e9 standardy kvality s asijsk\u00fdmi v\u00fdrobn\u00edmi z\u00e1vody, co\u017e zaji\u0161\u0165uje nep\u0159etr\u017eit\u00e9 dod\u00e1vky a konkurenceschopn\u00e9 ceny. \u00a9 2025 Unity Trade Network s.r.o.<\/p>\n","protected":false},"author":1,"featured_media":1506,"parent":0,"menu_order":0,"comment_status":"closed","ping_status":"closed","template":"elementor_canvas","meta":{"footnotes":""},"class_list":["post-12","page","type-page","status-publish","has-post-thumbnail","hentry"],"aioseo_notices":[],"_links":{"self":[{"href":"https:\/\/utradenetwork.com\/index.php?rest_route=\/wp\/v2\/pages\/12","targetHints":{"allow":["GET"]}}],"collection":[{"href":"https:\/\/utradenetwork.com\/index.php?rest_route=\/wp\/v2\/pages"}],"about":[{"href":"https:\/\/utradenetwork.com\/index.php?rest_route=\/wp\/v2\/types\/page"}],"author":[{"embeddable":true,"href":"https:\/\/utradenetwork.com\/index.php?rest_route=\/wp\/v2\/users\/1"}],"replies":[{"embeddable":true,"href":"https:\/\/utradenetwork.com\/index.php?rest_route=%2Fwp%2Fv2%2Fcomments&post=12"}],"version-history":[{"count":22,"href":"https:\/\/utradenetwork.com\/index.php?rest_route=\/wp\/v2\/pages\/12\/revisions"}],"predecessor-version":[{"id":1492,"href":"https:\/\/utradenetwork.com\/index.php?rest_route=\/wp\/v2\/pages\/12\/revisions\/1492"}],"wp:featuredmedia":[{"embeddable":true,"href":"https:\/\/utradenetwork.com\/index.php?rest_route=\/wp\/v2\/media\/1506"}],"wp:attachment":[{"href":"https:\/\/utradenetwork.com\/index.php?rest_route=%2Fwp%2Fv2%2Fmedia&parent=12"}],"curies":[{"name":"wp","href":"https:\/\/api.w.org\/{rel}","templated":true}]}}